{"id":67,"date":"2022-03-24T20:34:53","date_gmt":"2022-03-24T18:34:53","guid":{"rendered":"https:\/\/dimatpirineus.cat\/?page_id=67"},"modified":"2025-02-03T18:20:50","modified_gmt":"2025-02-03T16:20:50","slug":"contacte","status":"publish","type":"page","link":"https:\/\/dimatpirineus.cat\/?page_id=67","title":{"rendered":"Organitzaci\u00f3"},"content":{"rendered":"\n<p>El Dissabte Transfronterer de les Matem\u00e0tiques dels Pirineus est\u00e0 coordinat per l&#8217;<a href=\"https:\/\/mat.uab.cat\/~albert\">Albert Ruiz<\/a>, la <a href=\"https:\/\/grupsderecerca.uab.cat\/advancedstochasticmodelling\/content\/giulia-binotto\" data-type=\"URL\" data-id=\"https:\/\/grupsderecerca.uab.cat\/advancedstochasticmodelling\/content\/giulia-binotto\">Giulia Binotto<\/a> i l&#8217;Od\u00ed Soler. A m\u00e9s a m\u00e9s, hi col\u00b7laboren diferents monitors\/es.<\/p>\n\n\n\n<figure class=\"wp-block-image aligncenter size-full is-resized is-style-rounded\"><img loading=\"lazy\" decoding=\"async\" width=\"768\" height=\"432\" src=\"https:\/\/dimatpirineus.cat\/wp-content\/uploads\/2022\/03\/organitzacio.jpg\" alt=\"\" class=\"wp-image-127\" style=\"width:415px;height:233px\"\/><\/figure>\n\n\n\n<p>Podeu contactar amb la organitzaci\u00f3 mitjan\u00e7ant l&#8217;adre\u00e7a dimatpirineus@gmail.com.<\/p>\n","protected":false},"excerpt":{"rendered":"<p>El Dissabte Transfronterer de les Matem\u00e0tiques dels Pirineus est\u00e0 coordinat per l&#8217;Albert Ruiz, la Giulia Binotto i l&#8217;Od\u00ed Soler. A m\u00e9s a m\u00e9s, hi col\u00b7laboren diferents monitors\/es. Podeu contactar amb la organitzaci\u00f3 mitjan\u00e7ant l&#8217;adre\u00e7a dimatpirineus@gmail.com.<\/p>\n","protected":false},"author":1,"featured_media":0,"parent":0,"menu_order":0,"comment_status":"closed","ping_status":"closed","template":"","meta":{"zakra_page_container_layout":"customizer","zakra_page_sidebar_layout":"customizer","zakra_remove_content_margin":false,"zakra_sidebar":"customizer","zakra_transparent_header":"customizer","zakra_logo":0,"zakra_main_header_style":"default","zakra_menu_item_color":"","zakra_menu_item_hover_color":"","zakra_menu_item_active_color":"","zakra_menu_active_style":"","zakra_page_header":true,"footnotes":""},"class_list":["post-67","page","type-page","status-publish","hentry"],"_links":{"self":[{"href":"https:\/\/dimatpirineus.cat\/index.php?rest_route=\/wp\/v2\/pages\/67","targetHints":{"allow":["GET"]}}],"collection":[{"href":"https:\/\/dimatpirineus.cat\/index.php?rest_route=\/wp\/v2\/pages"}],"about":[{"href":"https:\/\/dimatpirineus.cat\/index.php?rest_route=\/wp\/v2\/types\/page"}],"author":[{"embeddable":true,"href":"https:\/\/dimatpirineus.cat\/index.php?rest_route=\/wp\/v2\/users\/1"}],"replies":[{"embeddable":true,"href":"https:\/\/dimatpirineus.cat\/index.php?rest_route=%2Fwp%2Fv2%2Fcomments&post=67"}],"version-history":[{"count":6,"href":"https:\/\/dimatpirineus.cat\/index.php?rest_route=\/wp\/v2\/pages\/67\/revisions"}],"predecessor-version":[{"id":521,"href":"https:\/\/dimatpirineus.cat\/index.php?rest_route=\/wp\/v2\/pages\/67\/revisions\/521"}],"wp:attachment":[{"href":"https:\/\/dimatpirineus.cat\/index.php?rest_route=%2Fwp%2Fv2%2Fmedia&parent=67"}],"curies":[{"name":"wp","href":"https:\/\/api.w.org\/{rel}","templated":true}]}}