{"id":40,"date":"2022-03-24T13:37:03","date_gmt":"2022-03-24T11:37:03","guid":{"rendered":"https:\/\/dimatpirineus.cat\/?page_id=40"},"modified":"2026-03-18T15:32:43","modified_gmt":"2026-03-18T13:32:43","slug":"conferenciants","status":"publish","type":"page","link":"https:\/\/dimatpirineus.cat\/?page_id=40","title":{"rendered":"Conferenciants"},"content":{"rendered":"\n<p><strong style=\"font-weight: bold;\">Merc\u00e8 Oll\u00e9 Torner <\/strong><span style=\"\"><strong style=\"font-weight: bold;\">(Universitat Polit\u00e8cnica de Catalunya) <\/strong><\/span><\/p>\n\n\n\n<div class=\"wp-block-media-text is-stacked-on-mobile\" style=\"grid-template-columns:34% auto\"><figure class=\"wp-block-media-text__media\"><img loading=\"lazy\" decoding=\"async\" width=\"1024\" height=\"1019\" src=\"https:\/\/dimatpirineus.cat\/wp-content\/uploads\/2026\/03\/merce-olle-scaled-e1772986752690-1024x1019.jpg\" alt=\"\" class=\"wp-image-600 size-full\" srcset=\"https:\/\/dimatpirineus.cat\/wp-content\/uploads\/2026\/03\/merce-olle-scaled-e1772986752690-1024x1019.jpg 1024w, https:\/\/dimatpirineus.cat\/wp-content\/uploads\/2026\/03\/merce-olle-scaled-e1772986752690-300x300.jpg 300w, https:\/\/dimatpirineus.cat\/wp-content\/uploads\/2026\/03\/merce-olle-scaled-e1772986752690-150x150.jpg 150w, https:\/\/dimatpirineus.cat\/wp-content\/uploads\/2026\/03\/merce-olle-scaled-e1772986752690-768x764.jpg 768w, https:\/\/dimatpirineus.cat\/wp-content\/uploads\/2026\/03\/merce-olle-scaled-e1772986752690-1536x1529.jpg 1536w, https:\/\/dimatpirineus.cat\/wp-content\/uploads\/2026\/03\/merce-olle-scaled-e1772986752690.jpg 1710w\" sizes=\"auto, (max-width: 1024px) 100vw, 1024px\" \/><\/figure><div class=\"wp-block-media-text__content\">\n<p>Catedr\u00e0tica d&#8217;Universitat de Matem\u00e0tica Aplicada de la UPC, la Merc\u00e8 Oll\u00e9 \u00e9s doctora en matem\u00e0tiques per la UAB. Actualment, a m\u00e9s a m\u00e9s, forma part del grup de recerca en Sistemes Din\u00e0mics de la UPC. M\u00e9s concretament, la seva \u00e0rea d&#8217;expertesa s\u00f3n els sistemes hamiltonians i la mec\u00e0nica celeste. Tamb\u00e9 forma part de la selecci\u00f3 de dones reconegudes el 8 de mar\u00e7 de 2016 del &#8220;Virtual Special Issue on Women in Physics&#8221;, de l&#8217;editorial Elsevier i compte amb m\u00e9s de 20 articles publicats en revistes d&#8217;alt prestigi.<\/p>\n\n\n\n<p><\/p>\n<\/div><\/div>\n\n\n\n<p><\/p>\n\n\n\n<hr class=\"wp-block-separator has-alpha-channel-opacity\"\/>\n\n\n\n<p><\/p>\n\n\n\n<p><span style=\"\"><strong style=\"font-weight: bold;\"><strong style=\"font-weight: bold;\">Albert Ruiz Cirera<\/strong> <span style=\"\"><strong style=\"font-weight: bold;\">(Universitat Aut\u00f2noma de Barcelona)<\/strong><\/span><\/strong><\/span><\/p>\n\n\n\n<div class=\"wp-block-media-text is-stacked-on-mobile\" style=\"grid-template-columns:30% auto\"><figure class=\"wp-block-media-text__media\"><img loading=\"lazy\" decoding=\"async\" width=\"440\" height=\"450\" src=\"https:\/\/dimatpirineus.cat\/wp-content\/uploads\/2026\/03\/albert-ruiz.jpg\" alt=\"\" class=\"wp-image-599 size-full\" srcset=\"https:\/\/dimatpirineus.cat\/wp-content\/uploads\/2026\/03\/albert-ruiz.jpg 440w, https:\/\/dimatpirineus.cat\/wp-content\/uploads\/2026\/03\/albert-ruiz-293x300.jpg 293w\" sizes=\"auto, (max-width: 440px) 100vw, 440px\" \/><\/figure><div class=\"wp-block-media-text__content\">\n<p>Llicenciat en matem\u00e0tiques per la UB i doctor (en matem\u00e0tiques tamb\u00e9) per la UAB, l\u2019Albert Ruiz \u00e9s, actualment, professor agregat del Departament de Matem\u00e0tiques de la UAB, delegat del rector per a la Programaci\u00f3 Docent de la UAB i secretari del Comit\u00e8 Espanyol de Matem\u00e0tiques (CEMat). Tamb\u00e9 forma part del grup de recerca de Topologia Algebraica de la UAB i del Laboratori d\u2019Interaccions en Geometria, \u00c0lgebra i Topologia, on duu a terme la seva recerca, principalment, en topologia algebraica.<\/p>\n\n\n\n<p><\/p>\n<\/div><\/div>\n\n\n\n<p><\/p>\n\n\n\n<hr class=\"wp-block-separator has-alpha-channel-opacity\"\/>\n\n\n\n<p><\/p>\n\n\n\n<p><strong style=\"font-weight: bold;\">Paula L\u00f3pez Serentill <\/strong><span style=\"\"><strong style=\"font-weight: bold;\">(Universitat de Girona)<\/strong><\/span><\/p>\n\n\n\n<div class=\"wp-block-media-text is-stacked-on-mobile\" style=\"grid-template-columns:30% auto\"><figure class=\"wp-block-media-text__media\"><img loading=\"lazy\" decoding=\"async\" width=\"538\" height=\"705\" src=\"https:\/\/dimatpirineus.cat\/wp-content\/uploads\/2026\/03\/paula-lopez.jpg\" alt=\"\" class=\"wp-image-601 size-full\" srcset=\"https:\/\/dimatpirineus.cat\/wp-content\/uploads\/2026\/03\/paula-lopez.jpg 538w, https:\/\/dimatpirineus.cat\/wp-content\/uploads\/2026\/03\/paula-lopez-229x300.jpg 229w\" sizes=\"auto, (max-width: 538px) 100vw, 538px\" \/><\/figure><div class=\"wp-block-media-text__content\">\n<p>Llicenciada en matem\u00e0tiques per la UB i doctorada en did\u00e0ctica de la matem\u00e0tica per la mateixa universitat, la Paula L\u00f3pez \u00e9s, actualment, professora lectora (dins del programa Serra H\u00fanter) en Did\u00e0ctica de les Matem\u00e0tiques a la UdG i membre del Grup de Recerca en Educaci\u00f3 Cient\u00edfica i Ambiental (GRECA). La seva investigaci\u00f3 se centra en l\u2019ensenyament i l\u2019aprenentatge de les matem\u00e0tiques a l\u2019Educaci\u00f3 Prim\u00e0ria i Secund\u00e0ria, en formaci\u00f3 del professorat, en l\u2019educaci\u00f3 per la sostenibilitat i en l\u2019atenci\u00f3 a la diversitat.<\/p>\n\n\n\n<p><\/p>\n<\/div><\/div>\n\n\n\n<p><\/p>\n\n\n\n<hr class=\"wp-block-separator has-alpha-channel-opacity\"\/>\n\n\n\n<p><\/p>\n\n\n\n<p><strong style=\"font-weight: bold;\">Ra\u00fcl Fern\u00e1ndez (Institut Vidreres)<\/strong><\/p>\n\n\n\n<div class=\"wp-block-media-text is-stacked-on-mobile\" style=\"grid-template-columns:30% auto\"><figure class=\"wp-block-media-text__media\"><img loading=\"lazy\" decoding=\"async\" width=\"435\" height=\"488\" src=\"https:\/\/dimatpirineus.cat\/wp-content\/uploads\/2026\/03\/raul-hernandez-copia.jpg\" alt=\"\" class=\"wp-image-640 size-full\" srcset=\"https:\/\/dimatpirineus.cat\/wp-content\/uploads\/2026\/03\/raul-hernandez-copia.jpg 435w, https:\/\/dimatpirineus.cat\/wp-content\/uploads\/2026\/03\/raul-hernandez-copia-267x300.jpg 267w\" sizes=\"auto, (max-width: 435px) 100vw, 435px\" \/><\/figure><div class=\"wp-block-media-text__content\">\n<p>En Ra\u00fcl Fern\u00e1ndez \u00e9s llicenciat en matem\u00e0tiques per la UAB i, actualment, \u00e9s professor de Secund\u00e0ria a l\u2019Institut Vidreres i formador del professorat en did\u00e0ctica de les matem\u00e0tiques, tot i que tamb\u00e9 ha impartit classes en el M\u00e0ster Universitari en Formaci\u00f3 del Professorat d\u2019Educaci\u00f3 Secund\u00e0ria Obligat\u00f2ria i Batxillerat de Matem\u00e0tiques (MUFPS). A m\u00e9s a m\u00e9s, forma part del grup C\u00fabic (grup de did\u00e0ctica de la Facultat de Matem\u00e0tiques i Inform\u00e0tica de la UB), on ha participat en diversos congressos d\u2019educaci\u00f3 matem\u00e0tica, impartint-hi tallers i xerrades.<\/p>\n\n\n\n<p><\/p>\n<\/div><\/div>\n","protected":false},"excerpt":{"rendered":"<p>Merc\u00e8 Oll\u00e9 Torner (Universitat Polit\u00e8cnica de Catalunya) Catedr\u00e0tica d&#8217;Universitat de Matem\u00e0tica Aplicada de la UPC, la Merc\u00e8 Oll\u00e9 \u00e9s doctora en matem\u00e0tiques per la UAB. Actualment, a m\u00e9s a m\u00e9s, forma part del grup de recerca en Sistemes Din\u00e0mics de la UPC. M\u00e9s concretament, la seva \u00e0rea d&#8217;expertesa s\u00f3n els sistemes hamiltonians i la mec\u00e0nica [&hellip;]<\/p>\n","protected":false},"author":1,"featured_media":0,"parent":0,"menu_order":0,"comment_status":"closed","ping_status":"closed","template":"","meta":{"zakra_page_container_layout":"customizer","zakra_page_sidebar_layout":"customizer","zakra_remove_content_margin":false,"zakra_sidebar":"customizer","zakra_transparent_header":"customizer","zakra_logo":0,"zakra_main_header_style":"default","zakra_menu_item_color":"","zakra_menu_item_hover_color":"","zakra_menu_item_active_color":"","zakra_menu_active_style":"","zakra_page_header":true,"footnotes":""},"class_list":["post-40","page","type-page","status-publish","hentry"],"_links":{"self":[{"href":"https:\/\/dimatpirineus.cat\/index.php?rest_route=\/wp\/v2\/pages\/40","targetHints":{"allow":["GET"]}}],"collection":[{"href":"https:\/\/dimatpirineus.cat\/index.php?rest_route=\/wp\/v2\/pages"}],"about":[{"href":"https:\/\/dimatpirineus.cat\/index.php?rest_route=\/wp\/v2\/types\/page"}],"author":[{"embeddable":true,"href":"https:\/\/dimatpirineus.cat\/index.php?rest_route=\/wp\/v2\/users\/1"}],"replies":[{"embeddable":true,"href":"https:\/\/dimatpirineus.cat\/index.php?rest_route=%2Fwp%2Fv2%2Fcomments&post=40"}],"version-history":[{"count":66,"href":"https:\/\/dimatpirineus.cat\/index.php?rest_route=\/wp\/v2\/pages\/40\/revisions"}],"predecessor-version":[{"id":641,"href":"https:\/\/dimatpirineus.cat\/index.php?rest_route=\/wp\/v2\/pages\/40\/revisions\/641"}],"wp:attachment":[{"href":"https:\/\/dimatpirineus.cat\/index.php?rest_route=%2Fwp%2Fv2%2Fmedia&parent=40"}],"curies":[{"name":"wp","href":"https:\/\/api.w.org\/{rel}","templated":true}]}}