{"id":34,"date":"2022-03-24T13:29:35","date_gmt":"2022-03-24T11:29:35","guid":{"rendered":"https:\/\/dimatpirineus.cat\/?page_id=34"},"modified":"2026-03-25T23:28:15","modified_gmt":"2026-03-25T21:28:15","slug":"professors","status":"publish","type":"page","link":"https:\/\/dimatpirineus.cat\/?page_id=34","title":{"rendered":"Inscripcions Professorat"},"content":{"rendered":"<noscript class=\"ninja-forms-noscript-message\">\n\tNotice: JavaScript is required for this content.<\/noscript>\n<div id=\"nf-form-8-cont\" class=\"nf-form-cont\" aria-live=\"polite\" aria-labelledby=\"nf-form-title-8\" aria-describedby=\"nf-form-errors-8\" role=\"form\">\n\n    <div class=\"nf-loading-spinner\"><\/div>\n\n<\/div>\n        <!-- That data is being printed as a workaround to page builders reordering the order of the scripts loaded-->\n        <script>var formDisplay=1;var nfForms=nfForms||[];var form=[];form.id='8';form.settings={\"objectType\":\"Form Setting\",\"editActive\":true,\"title\":\"Inscripci\\u00f3 Professors - 2026\",\"created_at\":\"2026-01-14 13:14:08\",\"form_title\":\"Inscripci\\u00c3\\u00b3 Professors - 2026\",\"default_label_pos\":\"above\",\"show_title\":\"0\",\"clear_complete\":\"1\",\"hide_complete\":\"1\",\"logged_in\":\"0\",\"key\":\"\",\"wrapper_class\":\"\",\"element_class\":\"\",\"add_submit\":\"0\",\"not_logged_in_msg\":\"\",\"sub_limit_number\":\"\",\"sub_limit_msg\":\"\",\"calculations\":[],\"formContentData\":[\"registre_professorat_dimatpirineus_2026_1774471367176\",\"hr\",\"nom_professor_a_1643641319539\",\"cognoms_professor_a_1643641326350\",\"email_professor_a_1643641334318\",\"nom_centre_d_origen_1538386817608\",\"dni_1575447986146\",\"autoritzacio_emplenada_i_signada_1774471769194\",\"registrar_1575448002053\"],\"currency\":\"\",\"unique_field_error\":\"Un formulari similar ja ha estat sotm\\u00e8s.\",\"drawerDisabled\":false,\"changeEmailErrorMsg\":\"Si us plau, entra informaci\\u00f3 correcta\",\"changeDateErrorMsg\":\"Si us plau, entra informaci\\u00f3 correcta\",\"confirmFieldErrorMsg\":\"These fields must match!\",\"fieldNumberNumMinError\":\"Number Min Error\",\"fieldNumberNumMaxError\":\"Number Max Error\",\"fieldNumberIncrementBy\":\"Please increment by \",\"formErrorsCorrectErrors\":\"Please correct errors before submitting this form.\",\"validateRequiredField\":\"This is a required field.\",\"honeypotHoneypotError\":\"Honeypot Error\",\"fieldsMarkedRequired\":\"Camps marcats amb * s\\u00f3n obligatoris\",\"form_title_heading_level\":\"3\",\"objectDomain\":\"display\",\"allow_public_link\":0,\"embed_form\":\"\",\"ninjaForms\":\"Ninja Forms\",\"fieldTextareaRTEInsertLink\":\"Insert Link\",\"fieldTextareaRTEInsertMedia\":\"Insert Media\",\"fieldTextareaRTESelectAFile\":\"Select a file\",\"formHoneypot\":\"If you are a human seeing this field, please leave it empty.\",\"fileUploadOldCodeFileUploadInProgress\":\"File Upload in Progress.\",\"fileUploadOldCodeFileUpload\":\"FILE UPLOAD\",\"currencySymbol\":false,\"thousands_sep\":\".\",\"decimal_point\":\",\",\"siteLocale\":\"ca\",\"dateFormat\":\"m\\\/d\\\/Y\",\"startOfWeek\":\"1\",\"of\":\"of\",\"previousMonth\":\"Previous Month\",\"nextMonth\":\"Next Month\",\"months\":[\"January\",\"February\",\"March\",\"April\",\"May\",\"June\",\"July\",\"August\",\"September\",\"October\",\"November\",\"December\"],\"monthsShort\":[\"Jan\",\"Feb\",\"Mar\",\"Apr\",\"May\",\"Jun\",\"Jul\",\"Aug\",\"Sep\",\"Oct\",\"Nov\",\"Dec\"],\"weekdays\":[\"Sunday\",\"Monday\",\"Tuesday\",\"Wednesday\",\"Thursday\",\"Friday\",\"Saturday\"],\"weekdaysShort\":[\"Sun\",\"Mon\",\"Tue\",\"Wed\",\"Thu\",\"Fri\",\"Sat\"],\"weekdaysMin\":[\"Su\",\"Mo\",\"Tu\",\"We\",\"Th\",\"Fr\",\"Sa\"],\"recaptchaConsentMissing\":\"reCaptcha validation couldn&#039;t load.\",\"recaptchaMissingCookie\":\"reCaptcha v3 validation couldn&#039;t load the cookie needed to submit the form.\",\"recaptchaConsentEvent\":\"Accept reCaptcha cookies before sending the form.\",\"currency_symbol\":\"\",\"beforeForm\":\"\",\"beforeFields\":\"\",\"afterFields\":\"\",\"afterForm\":\"\"};form.fields=[{\"objectType\":\"Field\",\"objectDomain\":\"fields\",\"editActive\":false,\"order\":1,\"idAttribute\":\"id\",\"label\":\"Registre Professorat DiMaTPirineus 2026\",\"key\":\"registre_professorat_dimatpirineus_2026_1774471367176\",\"type\":\"html\",\"created_at\":\"2018-10-01 11:22:49\",\"default\":\"<p>Si us voleu inscriure al curs per a professorat del DiMaTPirineus 2026 empleneu correctament tots els camps seg\\u00fcents. Recordeu que \\u00e9s important tenir parelles d'alumnat que participin a l'activitat. Tots els professors heu d'aportar aquesta <a href=\\\"https:\\\/\\\/dimatpirineus.cat\\\/wp-content\\\/uploads\\\/2026\\\/03\\\/Autoritzacio_adults.pdf\\\" rel=\\\"noopener noreferrer\\\" target=\\\"_blank\\\">autoritzaci\\u00f3<\\\/a> degudament emplenada i signada (es pot signar amb un certificat digital o b\\u00e9 imprimint l'autoritzaci\\u00f3 un cop s'hagi emplenat, signar-la a m\\u00e0 i escanejant-la despr\\u00e9s) i, aquells que tenen adreces xtec, us heu d'inscriure <a href=\\\"https:\\\/\\\/aplicacions.gestioeducativa.gencat.cat\\\/ords\\\/pls\\\/soloas\\\/pk_for_mod_ins.p_for_cons_activitats?p_any=2025-2026&amp;p_codi=6010361601&amp;p_totes=S\\\" rel=\\\"noopener noreferrer\\\" target=\\\"_blank\\\">aqu\\u00ed<\\\/a> tamb\\u00e9 per tal d'obtenir el certificat de formaci\\u00f3 continuada.<\\\/p>\",\"container_class\":\"\",\"element_class\":\"\",\"drawerDisabled\":false,\"field_label\":\"Registre Professorat DiTMAE 2026\",\"field_key\":\"registre_professorat_ditmae_2026_1768393924724\",\"admin_label\":\"\",\"id\":132,\"beforeField\":\"\",\"afterField\":\"\",\"value\":\"<p>Si us voleu inscriure al curs per a professorat del DiMaTPirineus 2026 empleneu correctament tots els camps seg\\u00fcents. Recordeu que \\u00e9s important tenir parelles d'alumnat que participin a l'activitat. Tots els professors heu d'aportar aquesta <a href=\\\"https:\\\/\\\/dimatpirineus.cat\\\/wp-content\\\/uploads\\\/2026\\\/03\\\/Autoritzacio_adults.pdf\\\" rel=\\\"noopener noreferrer\\\" target=\\\"_blank\\\">autoritzaci\\u00f3<\\\/a> degudament emplenada i signada (es pot signar amb un certificat digital o b\\u00e9 imprimint l'autoritzaci\\u00f3 un cop s'hagi emplenat, signar-la a m\\u00e0 i escanejant-la despr\\u00e9s) i, aquells que tenen adreces xtec, us heu d'inscriure <a href=\\\"https:\\\/\\\/aplicacions.gestioeducativa.gencat.cat\\\/ords\\\/pls\\\/soloas\\\/pk_for_mod_ins.p_for_cons_activitats?p_any=2025-2026&amp;p_codi=6010361601&amp;p_totes=S\\\" rel=\\\"noopener noreferrer\\\" target=\\\"_blank\\\">aqu\\u00ed<\\\/a> tamb\\u00e9 per tal d'obtenir el certificat de formaci\\u00f3 continuada.<\\\/p>\",\"label_pos\":\"above\",\"parentType\":\"html\",\"element_templates\":[\"html\",\"input\"],\"old_classname\":\"\",\"wrap_template\":\"wrap\"},{\"objectType\":\"Field\",\"objectDomain\":\"fields\",\"editActive\":false,\"order\":2,\"idAttribute\":\"id\",\"label\":\"Divider\",\"key\":\"hr\",\"type\":\"hr\",\"created_at\":\"2018-10-01 11:22:49\",\"container_class\":\"Xerrada\",\"element_class\":1,\"drawerDisabled\":false,\"field_label\":\"Divider\",\"field_key\":\"hr\",\"admin_label\":\"\",\"id\":133,\"beforeField\":\"\",\"afterField\":\"\",\"value\":\"\",\"label_pos\":\"above\",\"parentType\":\"hr\",\"element_templates\":[\"hr\",\"input\"],\"old_classname\":\"\",\"wrap_template\":\"wrap\"},{\"objectType\":\"Field\",\"objectDomain\":\"fields\",\"editActive\":false,\"order\":3,\"idAttribute\":\"id\",\"label\":\"Nom Professor\\\/a\",\"key\":\"nom_professor_a_1643641319539\",\"type\":\"firstname\",\"created_at\":\"2018-10-01 11:22:49\",\"label_pos\":\"above\",\"required\":1,\"default\":\"\",\"placeholder\":\"\",\"container_class\":\"one-half first\",\"element_class\":\"\",\"admin_label\":\"\",\"help_text\":\"\",\"desc_text\":\"\",\"custom_name_attribute\":\"fname\",\"personally_identifiable\":1,\"drawerDisabled\":\"\",\"value\":\"\",\"field_label\":\"Nom Professor\\\/a\",\"field_key\":\"nom_professor_a_1643641319539\",\"id\":134,\"beforeField\":\"\",\"afterField\":\"\",\"parentType\":\"firstname\",\"element_templates\":[\"firstname\",\"input\"],\"old_classname\":\"\",\"wrap_template\":\"wrap\"},{\"objectType\":\"Field\",\"objectDomain\":\"fields\",\"editActive\":false,\"order\":4,\"idAttribute\":\"id\",\"label\":\"Cognoms Professor\\\/a\",\"key\":\"cognoms_professor_a_1643641326350\",\"type\":\"lastname\",\"created_at\":\"2018-10-01 11:22:49\",\"label_pos\":\"above\",\"required\":1,\"default\":\"\",\"placeholder\":\"\",\"container_class\":\"one-half\",\"element_class\":\"\",\"admin_label\":\"\",\"help_text\":\"\",\"desc_text\":\"\",\"custom_name_attribute\":\"lname\",\"personally_identifiable\":1,\"value\":\"\",\"drawerDisabled\":\"\",\"field_label\":\"Cognoms Professor\\\/a\",\"field_key\":\"cognoms_professor_a_1643641326350\",\"id\":135,\"beforeField\":\"\",\"afterField\":\"\",\"parentType\":\"lastname\",\"element_templates\":[\"lastname\",\"input\"],\"old_classname\":\"\",\"wrap_template\":\"wrap\"},{\"objectType\":\"Field\",\"objectDomain\":\"fields\",\"editActive\":false,\"order\":5,\"idAttribute\":\"id\",\"label\":\"Email Professor\\\/a\",\"key\":\"email_professor_a_1643641334318\",\"type\":\"email\",\"created_at\":\"2018-10-01 11:22:49\",\"label_pos\":\"above\",\"required\":1,\"default\":\"\",\"placeholder\":\"\",\"container_class\":\"one-half first\",\"element_class\":\"\",\"admin_label\":\"\",\"help_text\":\"\",\"desc_text\":\"\",\"custom_name_attribute\":\"email\",\"personally_identifiable\":1,\"value\":\"\",\"drawerDisabled\":\"\",\"field_label\":\"Email Professor\\\/a\",\"field_key\":\"email_professor_a_1643641334318\",\"id\":136,\"beforeField\":\"\",\"afterField\":\"\",\"parentType\":\"email\",\"element_templates\":[\"email\",\"input\"],\"old_classname\":\"\",\"wrap_template\":\"wrap\"},{\"objectType\":\"Field\",\"objectDomain\":\"fields\",\"editActive\":false,\"order\":6,\"idAttribute\":\"id\",\"label\":\"Nom Centre d'Origen\",\"type\":\"address\",\"key\":\"nom_centre_d_origen_1538386817608\",\"label_pos\":\"above\",\"required\":1,\"default\":\"\",\"placeholder\":\"\",\"container_class\":\"\",\"element_class\":\"\",\"input_limit\":\"\",\"input_limit_type\":\"characters\",\"input_limit_msg\":\"Character(s) left\",\"manual_key\":\"\",\"admin_label\":\"\",\"help_text\":\"\",\"mask\":\"\",\"custom_mask\":\"\",\"custom_name_attribute\":\"address\",\"personally_identifiable\":1,\"drawerDisabled\":\"\",\"value\":\"\",\"field_label\":\"Nom Centre d'Origen\",\"field_key\":\"nom_centre_d_origen_1538386817608\",\"id\":137,\"beforeField\":\"\",\"afterField\":\"\",\"parentType\":\"address\",\"element_templates\":[\"address\",\"textbox\",\"input\"],\"old_classname\":\"\",\"wrap_template\":\"wrap\"},{\"objectType\":\"Field\",\"objectDomain\":\"fields\",\"editActive\":false,\"order\":7,\"idAttribute\":\"id\",\"label\":\"DNI\",\"type\":\"address\",\"key\":\"dni_1575447986146\",\"label_pos\":\"above\",\"required\":1,\"default\":\"\",\"placeholder\":\"\",\"container_class\":\"\",\"element_class\":\"\",\"input_limit\":\"\",\"input_limit_type\":\"characters\",\"input_limit_msg\":\"Character(s) left\",\"manual_key\":\"\",\"admin_label\":\"\",\"help_text\":\"\",\"mask\":\"\",\"custom_mask\":\"\",\"custom_name_attribute\":\"address\",\"personally_identifiable\":1,\"drawerDisabled\":\"\",\"value\":\"\",\"field_label\":\"DNI\",\"field_key\":\"dni_1575447986146\",\"id\":138,\"beforeField\":\"\",\"afterField\":\"\",\"parentType\":\"address\",\"element_templates\":[\"address\",\"textbox\",\"input\"],\"old_classname\":\"\",\"wrap_template\":\"wrap\"},{\"id\":0,\"label\":\"Autoritzaci\\u00f3 emplenada i signada\",\"order\":8,\"key\":\"autoritzacio_emplenada_i_signada_1774471769194\",\"type\":\"unknown\",\"message\":\"Field type &quot;file_upload&quot; not found.\",\"beforeField\":\"\",\"afterField\":\"\",\"value\":\"\",\"label_pos\":\"above\",\"parentType\":\"unknown\",\"element_templates\":[\"null\",\"hidden\",\"input\"],\"old_classname\":\"\",\"wrap_template\":\"wrap-no-label\"},{\"objectType\":\"Field\",\"objectDomain\":\"fields\",\"editActive\":false,\"order\":9,\"idAttribute\":\"id\",\"label\":\"Registrar\",\"key\":\"registrar_1575448002053\",\"type\":\"submit\",\"created_at\":\"2018-10-01 11:22:49\",\"processing_label\":\"Processing\",\"container_class\":\"\",\"element_class\":\"\",\"drawerDisabled\":\"\",\"field_label\":\"Registrar\",\"field_key\":\"registrar_1575448002053\",\"admin_label\":\"\",\"id\":139,\"beforeField\":\"\",\"afterField\":\"\",\"value\":\"\",\"label_pos\":\"above\",\"parentType\":\"textbox\",\"element_templates\":[\"submit\",\"button\",\"input\"],\"old_classname\":\"\",\"wrap_template\":\"wrap-no-label\"}];nfForms.push(form);<\/script>\n        \n\n\n<p>Us informem que les vostres dades seran incorporades a un tractament que \u00e9s responsabilitat&nbsp; de la Fundaci\u00f3 Ferran Sunyer i Balaguer amb la finalitat de gestionar l\u2019activitat a la qual us inscriviu. Les vostres dades no seran cedides a tercers, i un cop finalitzada l\u2019activitat es conservaran als efectes de registre hist\u00f2ric. Per a m\u00e9s informaci\u00f3 podeu adre\u00e7ar-vos a la nostra <a href=\"https:\/\/www.iec.cat\/privacitat.asp\">Pol\u00edtica de Privacitat<\/a>. Podeu exercir els drets d\u2019acc\u00e9s, rectificaci\u00f3, supressi\u00f3, oposici\u00f3, limitaci\u00f3 en el tractament i portabilitat, adre\u00e7ant-vos per escrit a la Fundaci\u00f3 Ferran Sunyer i Balaguer (carrer del Carme, 47, 08001 Barcelona), o b\u00e9 enviant un correu electr\u00f2nic a l\u2019adre\u00e7a <em><a href=\"mailto:dades.personals@iec.cat\">dades.personals@iec.cat<\/a><\/em>.<\/p>\n\n\n\n<p><\/p>\n","protected":false},"excerpt":{"rendered":"<p>Us informem que les vostres dades seran incorporades a un tractament que \u00e9s responsabilitat&nbsp; de la Fundaci\u00f3 Ferran Sunyer i Balaguer amb la finalitat de gestionar l\u2019activitat a la qual us inscriviu. Les vostres dades no seran cedides a tercers, i un cop finalitzada l\u2019activitat es conservaran als efectes de registre hist\u00f2ric. Per a m\u00e9s [&hellip;]<\/p>\n","protected":false},"author":1,"featured_media":0,"parent":0,"menu_order":0,"comment_status":"closed","ping_status":"closed","template":"","meta":{"zakra_page_container_layout":"customizer","zakra_page_sidebar_layout":"customizer","zakra_remove_content_margin":false,"zakra_sidebar":"customizer","zakra_transparent_header":"customizer","zakra_logo":0,"zakra_main_header_style":"default","zakra_menu_item_color":"","zakra_menu_item_hover_color":"","zakra_menu_item_active_color":"","zakra_menu_active_style":"","zakra_page_header":true,"footnotes":""},"class_list":["post-34","page","type-page","status-publish","hentry"],"_links":{"self":[{"href":"https:\/\/dimatpirineus.cat\/index.php?rest_route=\/wp\/v2\/pages\/34","targetHints":{"allow":["GET"]}}],"collection":[{"href":"https:\/\/dimatpirineus.cat\/index.php?rest_route=\/wp\/v2\/pages"}],"about":[{"href":"https:\/\/dimatpirineus.cat\/index.php?rest_route=\/wp\/v2\/types\/page"}],"author":[{"embeddable":true,"href":"https:\/\/dimatpirineus.cat\/index.php?rest_route=\/wp\/v2\/users\/1"}],"replies":[{"embeddable":true,"href":"https:\/\/dimatpirineus.cat\/index.php?rest_route=%2Fwp%2Fv2%2Fcomments&post=34"}],"version-history":[{"count":25,"href":"https:\/\/dimatpirineus.cat\/index.php?rest_route=\/wp\/v2\/pages\/34\/revisions"}],"predecessor-version":[{"id":658,"href":"https:\/\/dimatpirineus.cat\/index.php?rest_route=\/wp\/v2\/pages\/34\/revisions\/658"}],"wp:attachment":[{"href":"https:\/\/dimatpirineus.cat\/index.php?rest_route=%2Fwp%2Fv2%2Fmedia&parent=34"}],"curies":[{"name":"wp","href":"https:\/\/api.w.org\/{rel}","templated":true}]}}