{"id":232,"date":"2022-05-16T22:04:20","date_gmt":"2022-05-16T20:04:20","guid":{"rendered":"https:\/\/dimatpirineus.cat\/?page_id=232"},"modified":"2023-11-20T09:06:38","modified_gmt":"2023-11-20T07:06:38","slug":"poblacions","status":"publish","type":"page","link":"https:\/\/dimatpirineus.cat\/?page_id=232","title":{"rendered":"Poblacions"},"content":{"rendered":"\n<p><a href=\"https:\/\/dimatpirineus.cat\/wp-content\/uploads\/2022\/05\/DiMATPirineus22_Poster.pdf\" data-type=\"URL\" data-id=\"https:\/\/dimatpirineus.cat\/wp-content\/uploads\/2022\/05\/DiMATPirineus22_Poster.pdf\">Les matem\u00e0tiques de les poblacions (pdf)<\/a><\/p>\n\n\n\n<p><a href=\"https:\/\/dimatpirineus.cat\/wp-content\/uploads\/2022\/05\/GuioTaller.pdf\" data-type=\"URL\" data-id=\"https:\/\/dimatpirineus.cat\/wp-content\/uploads\/2022\/05\/GuioTaller.pdf\">Gui\u00f3 del taller (pdf)<\/a><\/p>\n\n\n\n<p><a href=\"https:\/\/dimatpirineus.cat\/wp-content\/uploads\/2022\/05\/Model-LogisticLlevat.xls\">Model Log\u00edstic Llevat (xls)<\/a><\/p>\n\n\n\n<p><a href=\"https:\/\/dimatpirineus.cat\/wp-content\/uploads\/2022\/05\/Model-Malthusia-PoblacioIndia.xls\" data-type=\"URL\" data-id=\"https:\/\/dimatpirineus.cat\/wp-content\/uploads\/2022\/05\/Model-Malthusia-PoblacioIndia.xls\">Model Malthusia-PoblacioIndia (xls)<\/a><\/p>\n","protected":false},"excerpt":{"rendered":"<p>Les matem\u00e0tiques de les poblacions (pdf) Gui\u00f3 del taller (pdf) Model Log\u00edstic Llevat (xls) Model Malthusia-PoblacioIndia (xls)<\/p>\n","protected":false},"author":1,"featured_media":0,"parent":0,"menu_order":0,"comment_status":"closed","ping_status":"closed","template":"","meta":{"zakra_page_container_layout":"customizer","zakra_page_sidebar_layout":"customizer","zakra_remove_content_margin":false,"zakra_sidebar":"customizer","zakra_transparent_header":"customizer","zakra_logo":0,"zakra_main_header_style":"default","zakra_menu_item_color":"","zakra_menu_item_hover_color":"","zakra_menu_item_active_color":"","zakra_menu_active_style":"","zakra_page_header":true,"footnotes":""},"class_list":["post-232","page","type-page","status-publish","hentry"],"_links":{"self":[{"href":"https:\/\/dimatpirineus.cat\/index.php?rest_route=\/wp\/v2\/pages\/232","targetHints":{"allow":["GET"]}}],"collection":[{"href":"https:\/\/dimatpirineus.cat\/index.php?rest_route=\/wp\/v2\/pages"}],"about":[{"href":"https:\/\/dimatpirineus.cat\/index.php?rest_route=\/wp\/v2\/types\/page"}],"author":[{"embeddable":true,"href":"https:\/\/dimatpirineus.cat\/index.php?rest_route=\/wp\/v2\/users\/1"}],"replies":[{"embeddable":true,"href":"https:\/\/dimatpirineus.cat\/index.php?rest_route=%2Fwp%2Fv2%2Fcomments&post=232"}],"version-history":[{"count":2,"href":"https:\/\/dimatpirineus.cat\/index.php?rest_route=\/wp\/v2\/pages\/232\/revisions"}],"predecessor-version":[{"id":239,"href":"https:\/\/dimatpirineus.cat\/index.php?rest_route=\/wp\/v2\/pages\/232\/revisions\/239"}],"wp:attachment":[{"href":"https:\/\/dimatpirineus.cat\/index.php?rest_route=%2Fwp%2Fv2%2Fmedia&parent=232"}],"curies":[{"name":"wp","href":"https:\/\/api.w.org\/{rel}","templated":true}]}}