{"id":2,"date":"2022-03-23T15:18:48","date_gmt":"2022-03-23T13:18:48","guid":{"rendered":"https:\/\/dimatpirineus.cat\/?page_id=2"},"modified":"2026-03-25T23:26:13","modified_gmt":"2026-03-25T21:26:13","slug":"pagina-exemple","status":"publish","type":"page","link":"https:\/\/dimatpirineus.cat\/","title":{"rendered":"Benvinguda"},"content":{"rendered":"\n<p class=\"has-text-align-left\">El <strong>Dissabte de les Matem\u00e0tiques Transfronterer dels Pirineus<\/strong> (V DiMaTPirineus &#8211; 2026) es tracta d&#8217;una activitat innovadora de matem\u00e0tiques que es realitzar\u00e0 per cinqu\u00e8 cop a l&#8217;Alt Pirineu el <strong>25 d&#8217;abril del 2026.<\/strong> Basant-nos en la bona acollida d&#8217;un projecte similar, el Dissabte Transfronterer de les Matem\u00e0tiques a l\u2019Alt Empord\u00e0, que es realitza a Figueres des de fa 15 anys, organitzem el V DiMaTPirineus a <strong>l\u2019Institut Joan Brudieu <\/strong>de la<strong>Seu d&#8217;Urgell.<\/strong> La participaci\u00f3 \u00e9s oberta als centres d&#8217;ensenyament de l&#8217;Alt Pirineu i Aran, del Principat d&#8217;Andorra, aix\u00ed com tamb\u00e9 a centres d&#8217;altres regions properes dels territoris de parla catalana.<\/p>\n\n\n\n<p>El <strong>DiMaTPirineus<\/strong> \u00e9s una activitat dirigida a l&#8217;alumnat de Batxillerat que pret\u00e9n apropar les matem\u00e0tiques a trav\u00e9s de temes curiosos, aprofitant les manifestacions d&#8217;aquesta ci\u00e8ncia en \u00e0mbits diversos. Aquesta activitat est\u00e0 organitzada per la <a href=\"https:\/\/ffsb.espais.iec.cat\/\" data-type=\"URL\" data-id=\"https:\/\/ffsb.espais.iec.cat\/\" target=\"_blank\" rel=\"noreferrer noopener\">Fundaci\u00f3 Ferran Sunyer i Balaguer <\/a>amb el finan\u00e7ament de l&#8217;<a href=\"https:\/\/territori.gencat.cat\/ca\/06_territori_i_urbanisme\/idapa\/index.html\" data-type=\"URL\" data-id=\"https:\/\/territori.gencat.cat\/ca\/06_territori_i_urbanisme\/idapa\/index.html\" target=\"_blank\" rel=\"noreferrer noopener\">Institut per al Desenvolupament i la Promoci\u00f3 de l&#8217;Alt Pirineu i Aran (IDAPA)<\/a>, el <a href=\"https:\/\/www.educacio.ad\/\" data-type=\"URL\" data-id=\"https:\/\/www.educacio.ad\/\" target=\"_blank\" rel=\"noreferrer noopener\">Departament d&#8217;Educaci\u00f3 del Govern d&#8217;Andorra<\/a>, el <a href=\"https:\/\/serveiseducatius.xtec.cat\/alturgell\/\" data-type=\"URL\" data-id=\"https:\/\/serveiseducatius.xtec.cat\/alturgell\/\" target=\"_blank\" rel=\"noreferrer noopener\">Servei Educatiu de l&#8217;Alt Urgell<\/a> i l&#8217;<a href=\"https:\/\/www.laseu.cat\/\">Ajuntament de La Seu d&#8217;Urgell<\/a>.<\/p>\n\n\n\n<p>El DiMaTPirineus ofereix a l&#8217;alumnat una activitat, que consisteix en una xerrada i un taller, en la qual es participa en <strong>parelles.<\/strong> L&#8217;edici\u00f3 d&#8217;enguany constar\u00e0 de dues tem\u00e0tiques, d&#8217;entre les quals cada parella n&#8217;haur\u00e0 de <strong>triar una.<\/strong> Per cadascun dels temes hi haur\u00e0 una xerrada i, tot seguit, un taller-concurs amb monitors. En aquests tallers, l&#8217;alumnat podr\u00e0 posar en pr\u00e0ctica el que han apr\u00e8s durant la xerrada participant en el taller-concurs corresponent. Per cada taller es proclamaran dues parelles guanyadores.<\/p>\n\n\n\n<p> Les propostes tem\u00e0tiques a escollir, s\u00f3n les seg\u00fcents:<\/p>\n\n\n\n<ul class=\"wp-block-list\">\n<li><strong>Per qu\u00e8 si juguem a Hex no podem empatar?<\/strong> &#8212; Albert Ruiz Cirera (UAB).<\/li>\n\n\n\n<li><strong>Gal\u00e0xies i matem\u00e0tiques: ponts i cues<\/strong> &#8212; Merc\u00e8 Oll\u00e9 Torner (UPC).<\/li>\n<\/ul>\n\n\n\n<p>Per al professorat d&#8217;institut, el DiMaTPirineus ofereix la possibilitat d&#8217;assistir a alguna de les xerrades anteriors, i despr\u00e9s assistir a l&#8217;activitat de formaci\u00f3 pensada per a professors:<\/p>\n\n\n\n<ul class=\"wp-block-list\">\n<li><strong>Activitats de probabilitat a trav\u00e9s de l\u2019obra de Tam\u00e1s Varga<\/strong> &#8212; Paula L\u00f3pez Serentill (UdG) i Ra\u00fcl Fern\u00e1ndez (Institut Vidreres).<\/li>\n<\/ul>\n\n\n\n<p>Aquesta activitat est\u00e0 reconeguda pel Departament d&#8217;Ensenyament.<\/p>\n\n\n\n<p>Per tal d&#8217;assistir al DiMatPirineus les parelles d&#8217;alumnat concursants s&#8217;hauran d&#8217;inscriure mitjan\u00e7ant el formulari (pestanya Inscripcions) a partir del 26 de mar\u00e7, a les 10:00. El professorat amb adreces xtec s&#8217;ha d&#8217;apuntar mitjan\u00e7ant la <a href=\"https:\/\/aplicacions.gestioeducativa.gencat.cat\/ords\/pls\/soloas\/pk_for_mod_ins.p_for_cons_activitats?p_any=2025-2026&amp;p_codi=6010361601&amp;p_totes=S\">web d&#8217;Educaci\u00f3<\/a>, mentre que la resta de professorat ho ha de fer utilitzant el formulari que apareix a la pestanya <a href=\"https:\/\/dimatpirineus.cat\/?page_id=34\" data-type=\"page\" data-id=\"34\">d&#8217;inscripci\u00f3 de Professorat<\/a>.<\/p>\n\n\n\n<p>Descarrega&#8217;t el cartell de l&#8217;activitat!<\/p>\n\n\n\n<figure class=\"wp-block-image size-full is-resized\"><a href=\"https:\/\/dimatpirineus.cat\/wp-content\/uploads\/2026\/03\/DiMATPirineus26_Poster.pdf\" target=\"_blank\" rel=\" noreferrer noopener\"><img loading=\"lazy\" decoding=\"async\" width=\"1654\" height=\"2339\" src=\"https:\/\/dimatpirineus.cat\/wp-content\/uploads\/2026\/03\/DiMaTPirineus26_Poster.png\" alt=\"\" class=\"wp-image-656\" style=\"width:134px;height:auto\" srcset=\"https:\/\/dimatpirineus.cat\/wp-content\/uploads\/2026\/03\/DiMaTPirineus26_Poster.png 1654w, https:\/\/dimatpirineus.cat\/wp-content\/uploads\/2026\/03\/DiMaTPirineus26_Poster-212x300.png 212w, https:\/\/dimatpirineus.cat\/wp-content\/uploads\/2026\/03\/DiMaTPirineus26_Poster-724x1024.png 724w, https:\/\/dimatpirineus.cat\/wp-content\/uploads\/2026\/03\/DiMaTPirineus26_Poster-768x1086.png 768w, https:\/\/dimatpirineus.cat\/wp-content\/uploads\/2026\/03\/DiMaTPirineus26_Poster-1086x1536.png 1086w, https:\/\/dimatpirineus.cat\/wp-content\/uploads\/2026\/03\/DiMaTPirineus26_Poster-1448x2048.png 1448w\" sizes=\"auto, (max-width: 1654px) 100vw, 1654px\" \/><\/a><\/figure>\n\n\n\n<p>Fins el 25 d&#8217;abril!!<\/p>\n\n\n\n<p><strong>Organitza i col\u00b7labora:<\/strong><br><\/p>\n\n\n\n<figure class=\"wp-block-table aligncenter\"><table><tbody><tr><td><a href=\"https:\/\/ffsb.espais.iec.cat\/\" target=\"_blank\" rel=\"noreferrer noopener\"><img loading=\"lazy\" decoding=\"async\" width=\"150\" height=\"61\" class=\"wp-image-12\" style=\"width: 150px;\" src=\"https:\/\/dimatpirineus.cat\/wp-content\/uploads\/2022\/03\/ffsb.jpg\" alt=\"\"><\/a><\/td><td><a href=\"https:\/\/territori.gencat.cat\/ca\/06_territori_i_urbanisme\/idapa\/index.html\" data-type=\"URL\" data-id=\"https:\/\/territori.gencat.cat\/ca\/06_territori_i_urbanisme\/idapa\/index.html\" target=\"_blank\" rel=\"noreferrer noopener\"><img loading=\"lazy\" decoding=\"async\" width=\"150\" height=\"51\" class=\"wp-image-100\" style=\"width: 150px;\" src=\"https:\/\/dimatpirineus.cat\/wp-content\/uploads\/2022\/03\/IDIAPA.png\" alt=\"\"><\/a><\/td><td class=\"has-text-align-center\" data-align=\"center\"><a href=\"https:\/\/www.educacio.ad\/\" target=\"_blank\" rel=\"noopener\"><img loading=\"lazy\" decoding=\"async\" width=\"150\" height=\"77\" class=\"wp-image-56\" style=\"width: 150px;\" src=\"https:\/\/dimatpirineus.cat\/wp-content\/uploads\/2022\/03\/Andorra.jpg\" alt=\"\"><\/a><\/td><td><a href=\"https:\/\/www.laseu.cat\/\" target=\"_blank\" rel=\"noreferrer noopener\"><img loading=\"lazy\" decoding=\"async\" width=\"150\" height=\"49\" class=\"wp-image-65\" style=\"width: 150px;\" src=\"https:\/\/dimatpirineus.cat\/wp-content\/uploads\/2022\/03\/AjLaSeu.png\" alt=\"\"><\/a><\/td><\/tr><tr><td><a href=\"https:\/\/www.uab.cat\"><img loading=\"lazy\" decoding=\"async\" width=\"150\" height=\"56\" class=\"wp-image-411\" style=\"width: 150px;\" src=\"https:\/\/dimatpirineus.cat\/wp-content\/uploads\/2024\/01\/uab.png\" alt=\"\" srcset=\"https:\/\/dimatpirineus.cat\/wp-content\/uploads\/2024\/01\/uab.png 1881w, https:\/\/dimatpirineus.cat\/wp-content\/uploads\/2024\/01\/uab-300x113.png 300w, https:\/\/dimatpirineus.cat\/wp-content\/uploads\/2024\/01\/uab-1024x384.png 1024w, https:\/\/dimatpirineus.cat\/wp-content\/uploads\/2024\/01\/uab-768x288.png 768w, https:\/\/dimatpirineus.cat\/wp-content\/uploads\/2024\/01\/uab-1536x577.png 1536w\" sizes=\"auto, (max-width: 150px) 100vw, 150px\" \/><\/a><a href=\"https:\/\/www.iei.cat\/\" data-type=\"URL\" data-id=\"https:\/\/www.iei.cat\/\" target=\"_blank\" rel=\"noreferrer noopener\"><\/a><\/td><td><a href=\"https:\/\/serveiseducatius.xtec.cat\/alturgell\/\" data-type=\"URL\" data-id=\"https:\/\/serveiseducatius.xtec.cat\/alturgell\/\" target=\"_blank\" rel=\"noreferrer noopener\"><img loading=\"lazy\" decoding=\"async\" width=\"150\" height=\"86\" class=\"wp-image-64\" style=\"width: 150px;\" src=\"https:\/\/dimatpirineus.cat\/wp-content\/uploads\/2022\/03\/ServeiEducatiuAU.jpg\" alt=\"\"><\/a><\/td><td class=\"has-text-align-center\" data-align=\"center\"><img loading=\"lazy\" decoding=\"async\" width=\"150\" height=\"40\" class=\"wp-image-347\" style=\"width: 150px;\" src=\"https:\/\/dimatpirineus.cat\/wp-content\/uploads\/2023\/03\/brudieu.png\" alt=\"\" srcset=\"https:\/\/dimatpirineus.cat\/wp-content\/uploads\/2023\/03\/brudieu.png 828w, https:\/\/dimatpirineus.cat\/wp-content\/uploads\/2023\/03\/brudieu-300x80.png 300w, https:\/\/dimatpirineus.cat\/wp-content\/uploads\/2023\/03\/brudieu-768x205.png 768w\" sizes=\"auto, (max-width: 150px) 100vw, 150px\" \/><\/td><td><\/td><\/tr><\/tbody><\/table><\/figure>\n\n\n\n<p><\/p>\n","protected":false},"excerpt":{"rendered":"<p>El Dissabte de les Matem\u00e0tiques Transfronterer dels Pirineus (V DiMaTPirineus &#8211; 2026) es tracta d&#8217;una activitat innovadora de matem\u00e0tiques que es realitzar\u00e0 per cinqu\u00e8 cop a l&#8217;Alt Pirineu el 25 d&#8217;abril del 2026. Basant-nos en la bona acollida d&#8217;un projecte similar, el Dissabte Transfronterer de les Matem\u00e0tiques a l\u2019Alt Empord\u00e0, que es realitza a Figueres [&hellip;]<\/p>\n","protected":false},"author":1,"featured_media":0,"parent":0,"menu_order":0,"comment_status":"closed","ping_status":"open","template":"","meta":{"zakra_page_container_layout":"customizer","zakra_page_sidebar_layout":"customizer","zakra_remove_content_margin":false,"zakra_sidebar":"customizer","zakra_transparent_header":"0","zakra_logo":0,"zakra_main_header_style":"zak-layout-1-style-2","zakra_menu_item_color":"","zakra_menu_item_hover_color":"","zakra_menu_item_active_color":"","zakra_menu_active_style":"","zakra_page_header":true,"footnotes":""},"class_list":["post-2","page","type-page","status-publish","hentry"],"_links":{"self":[{"href":"https:\/\/dimatpirineus.cat\/index.php?rest_route=\/wp\/v2\/pages\/2","targetHints":{"allow":["GET"]}}],"collection":[{"href":"https:\/\/dimatpirineus.cat\/index.php?rest_route=\/wp\/v2\/pages"}],"about":[{"href":"https:\/\/dimatpirineus.cat\/index.php?rest_route=\/wp\/v2\/types\/page"}],"author":[{"embeddable":true,"href":"https:\/\/dimatpirineus.cat\/index.php?rest_route=\/wp\/v2\/users\/1"}],"replies":[{"embeddable":true,"href":"https:\/\/dimatpirineus.cat\/index.php?rest_route=%2Fwp%2Fv2%2Fcomments&post=2"}],"version-history":[{"count":73,"href":"https:\/\/dimatpirineus.cat\/index.php?rest_route=\/wp\/v2\/pages\/2\/revisions"}],"predecessor-version":[{"id":657,"href":"https:\/\/dimatpirineus.cat\/index.php?rest_route=\/wp\/v2\/pages\/2\/revisions\/657"}],"wp:attachment":[{"href":"https:\/\/dimatpirineus.cat\/index.php?rest_route=%2Fwp%2Fv2%2Fmedia&parent=2"}],"curies":[{"name":"wp","href":"https:\/\/api.w.org\/{rel}","templated":true}]}}